{"id":24,"date":"2026-02-24T11:41:07","date_gmt":"2026-02-24T10:41:07","guid":{"rendered":"https:\/\/stammtisch-bottrop.de\/?page_id=24"},"modified":"2026-03-12T08:10:42","modified_gmt":"2026-03-12T07:10:42","slug":"stammtischordnung","status":"publish","type":"page","link":"https:\/\/stammtisch-bottrop.de\/index.php\/stammtischordnung\/","title":{"rendered":"Stammtischordnung"},"content":{"rendered":"\n<p><strong>Stand: 12.01.2026<\/strong><\/p>\n\n\n\n<p>\u2e3b<\/p>\n\n\n\n<p>\u00a71 Zweck, Werte und Geltungsbereich<\/p>\n\n\n\n<p>(1) Diese Stammtischordnung regelt Beitr\u00e4ge, Strafen, Zahlungsmodalit\u00e4ten, Entscheidungsprozesse sowie die \u00c4mterstruktur des<\/p>\n\n\n\n<p>Stammtisch Bottrop<br>Die Bottroper Bierbande<\/p>\n\n\n\n<p>(2) Die Ordnung ist f\u00fcr alle Mitglieder verbindlich.<br>(3) Der Verein steht f\u00fcr die Werte B\u00fcrgerliches Bewusstsein, Bier und Bottrop.<br>(4) Pro Kalenderjahr ist mindestens ein lokales gemeinn\u00fctziges Projekt zu unterst\u00fctzen.<br>(5) Die WhatsApp-Gruppe des Stammtisches ist ausschlie\u00dflich zahlenden Mitgliedern vorbehalten. Einladungen in die Gruppe erfolgt fr\u00fchestens nach Erstbesuch und Annahme der Mitgliedschaft.<\/p>\n\n\n\n<p>\u2e3b<\/p>\n\n\n\n<p>\u00a72 Stimmberechtigung bei Satzungs\u00e4nderungen<\/p>\n\n\n\n<p>(1) Stimmberechtigt sind ausschlie\u00dflich die Gr\u00fcndungsmitglieder.<br>(2) Gr\u00fcndungsmitglieder sind:<br>\u2022 Anton<br>\u2022 Stefan<br>\u2022 Christoph<br>\u2022 Bastian<br>\u2022 Frank<br>\u2022 Jan<br>\u2022 Max<br>(3) Gr\u00fcndungsmitglieder k\u00f6nnen ein Vetorecht aus\u00fcben. Hierbei ist eine 3\/4 Mehrheit erforderlich.<br>\u2e3b<\/p>\n\n\n\n<p>\u00a73 Mitgliedsbeitr\u00e4ge<\/p>\n\n\n\n<p>(1) F\u00fcr jeden Kalendermonat ist ein obligatorischer Stammtischbeitrag in H\u00f6he von 10,00 \u20ac zu entrichten.<br>(2) Die Beitragspflicht besteht unabh\u00e4ngig von der tats\u00e4chlichen Teilnahme.<\/p>\n\n\n\n<p>\u2e3b<\/p>\n\n\n\n<p>\u00a74 Strafenkatalog<\/p>\n\n\n\n<p>(1) Unzul\u00e4ssige Absagen<br>Absagen ohne anerkannten triftigen Grund (u. a. Krankheit, berufliche Verpflichtungen, Todesf\u00e4lle im engsten Familienkreis, genehmigter Urlaub) werden mit 10,00 \u20ac sanktioniert.<br>Ein entsprechender Nachweis ist unverz\u00fcglich vorzulegen.<\/p>\n\n\n\n<p>(2) Nicht erfolgte Absage:<br>Das Unterlassen einer Absage wird mit 50,00 \u20ac geahndet.<\/p>\n\n\n\n<p>(3) Regelwidriges Verhalten bei Spielen (Mogeln)<br>Geb\u00fchr: 2,00 \u20ac.<\/p>\n\n\n\n<p>(4) Unn\u00f6tige Telefonate und Mobiltelefonnutzung<br>Die Nutzung ist auf das erforderliche Ma\u00df zu beschr\u00e4nken.<br>In st\u00f6renden F\u00e4llen entscheidet die anwesende Mitgliedschaft \u00fcber das Strafma\u00df.<\/p>\n\n\n\n<p>(5) Unterschreitung des Mindestkonsums<br>Der Konsum von weniger als 0,9 l Bier (&gt;= 0%Vol.) wird mit 10,00 \u20ac belegt.<\/p>\n\n\n\n<p>(6) Versp\u00e4tungen<br>Offizieller Beginn: 19:00 Uhr.<br>Eintreffen nach 19:10 Uhr f\u00fchrt zu einer Geb\u00fchr von 5,00 \u20ac.<br>Zur Strafbefreiung kann eine potentielle Versp\u00e4tung sp\u00e4testens am Vorabend angek\u00fcndigt werden.<\/p>\n\n\n\n<p>(7) Geburtstagsregelung<br>Das Mitglied, dessen Geburtstag seit dem letzten Stammtisch stattgefunden hat, entrichtet beim darauffolgenden Stammtisch eine Runde f\u00fcr die anwesenden Mitglieder.<\/p>\n\n\n\n<p>\u2e3b<\/p>\n\n\n\n<p>\u00a75 Ersatzweise Tilgung von Geb\u00fchren<\/p>\n\n\n\n<p>(1) Geb\u00fchren bis einschlie\u00dflich 10,00 \u20ac k\u00f6nnen durch das Ausgeben einer Runde ersetzt werden.<\/p>\n\n\n\n<p>\u2e3b<\/p>\n\n\n\n<p>\u00a76 Zahlungsmodalit\u00e4ten<\/p>\n\n\n\n<p>(1) Der Kassierer stellt physische Zahlungsmittel sowie PayPal als Zahlungsarten bereit.<br>Physische Zahlungsweise ist zu bevorzugen.<br>(2) Offene Betr\u00e4ge sind mit Einladung zum folgenden Stammtisch durch den Kassierer mitzuteilen.<br>(3) Alle f\u00e4lligen Betr\u00e4ge sind bis zum Ende des n\u00e4chsten Stammtisches zu entrichten.<br>(4) Auch abwesende Mitglieder sind zur fristgerechten Zahlung verpflichtet.<br>(5) Versp\u00e4tete Zahlung wird mit 5 EUR bestraft.<\/p>\n\n\n\n<p>\u2e3b<\/p>\n\n\n\n<p>\u00a77 Verwendung von Vereinsmitteln<\/p>\n\n\n\n<p>(1) Die Verwendung von Vereinsgeldern f\u00fcr Aktionen oder Anschaffungen erfordert die Zustimmung von mindestens \u00be der stimmberechtigten Mitglieder.<br>(2) Die erste Runde des Stammtisches wird aus Vereinsmitteln finanziert.<\/p>\n\n\n\n<p>\u2e3b<\/p>\n\n\n\n<p>\u00a78 Organe und \u00c4mter des Stammtisches<\/p>\n\n\n\n<p>(1) Folgende Positionen sind dauerhaft zu besetzen:<\/p>\n\n\n\n<p>a) Organisator<br>\u2022 Organisation der Treffen<br>\u2022 Sicherstellung logistischer Voraussetzungen<br>\u2022 Versand von Einladungen<br>\u2022 Verwaltung von Antr\u00e4gen<br>\u2022 F\u00fchrung der Teilnehmerliste<br>\u2022 Auswahl und Reservierung der R\u00e4umlichkeiten<\/p>\n\n\n\n<p>b) Schriftf\u00fchrer<br>\u2022 Dokumentation der Sitzungen<br>\u2022 Vorbereitung und schriftliche Ausarbeitung von Beschlussvorlagen<\/p>\n\n\n\n<p>c) Kassierer<br>\u2022 Dokumentation aller Geldbewegungen<br>\u2022 Einzug f\u00e4lliger Beitr\u00e4ge<br>\u2022 Verwaltung und sichere Aufbewahrung des Vereinsguthabens<br>\u2022 Transparente Darstellung des Kassenstandes<\/p>\n\n\n\n<p>d) Wimpelbeauftragter<br>Bringt den Wimpel zu allen Zusammenk\u00fcnften.<\/p>\n\n\n\n<p>e) Biercounter<br>Dokumentiert den Bierkonsum (anonymisiert).<\/p>\n\n\n\n<p>(2) Beschl\u00fcsse bed\u00fcrfen einer \u00be-Mehrheit der stimmberechtigten Mitglieder.<br>(3) Die Anwesenheit der Stimmberechtigten ist f\u00fcr die Beschlussfassung nicht zwingend erforderlich, sofern eine g\u00fcltige Stimmabgabe auf anderem Wege erfolgt.<\/p>\n\n\n\n<p>\u2e3b<\/p>\n\n\n\n<p>\u00a79 \u00c4nderungen der Stammtischordnung<\/p>\n\n\n\n<p>(1) \u00c4nderungen, Erg\u00e4nzungen oder Modifikationen dieser Ordnung k\u00f6nnen jederzeit beantragt werden.<br>(2) F\u00fcr eine Annahme ist eine qualifizierte Mehrheit von \u00be der stimmberechtigten Mitglieder (vgl. Par.2) erforderlich.<\/p>\n\n\n\n<p><\/p>\n","protected":false},"excerpt":{"rendered":"<p>Stand: 12.01.2026 \u2e3b \u00a71 Zweck, Werte und Geltungsbereich (1) Diese Stammtischordnung regelt Beitr\u00e4ge, Strafen, Zahlungsmodalit\u00e4ten, Entscheidungsprozesse sowie die \u00c4mterstruktur des Stammtisch BottropDie Bottroper Bierbande (2) Die Ordnung ist f\u00fcr alle [&hellip;]<\/p>\n","protected":false},"author":1,"featured_media":0,"parent":0,"menu_order":0,"comment_status":"closed","ping_status":"closed","template":"","meta":{"site-sidebar-layout":"default","site-content-layout":"","ast-site-content-layout":"default","site-content-style":"default","site-sidebar-style":"default","ast-global-header-display":"","ast-banner-title-visibility":"","ast-main-header-display":"","ast-hfb-above-header-display":"","ast-hfb-below-header-display":"","ast-hfb-mobile-header-display":"","site-post-title":"","ast-breadcrumbs-content":"","ast-featured-img":"","footer-sml-layout":"","ast-disable-related-posts":"","theme-transparent-header-meta":"","adv-header-id-meta":"","stick-header-meta":"","header-above-stick-meta":"","header-main-stick-meta":"","header-below-stick-meta":"","astra-migrate-meta-layouts":"default","ast-page-background-enabled":"default","ast-page-background-meta":{"desktop":{"background-color":"var(--ast-global-color-5)","background-image":"","background-repeat":"repeat","background-position":"center center","background-size":"auto","background-attachment":"scroll","background-type":"","background-media":"","overlay-type":"","overlay-color":"","overlay-opacity":"","overlay-gradient":""},"tablet":{"background-color":"","background-image":"","background-repeat":"repeat","background-position":"center center","background-size":"auto","background-attachment":"scroll","background-type":"","background-media":"","overlay-type":"","overlay-color":"","overlay-opacity":"","overlay-gradient":""},"mobile":{"background-color":"","background-image":"","background-repeat":"repeat","background-position":"center center","background-size":"auto","background-attachment":"scroll","background-type":"","background-media":"","overlay-type":"","overlay-color":"","overlay-opacity":"","overlay-gradient":""}},"ast-content-background-meta":{"desktop":{"background-color":"var(--ast-global-color-4)","background-image":"","background-repeat":"repeat","background-position":"center center","background-size":"auto","background-attachment":"scroll","background-type":"","background-media":"","overlay-type":"","overlay-color":"","overlay-opacity":"","overlay-gradient":""},"tablet":{"background-color":"var(--ast-global-color-4)","background-image":"","background-repeat":"repeat","background-position":"center center","background-size":"auto","background-attachment":"scroll","background-type":"","background-media":"","overlay-type":"","overlay-color":"","overlay-opacity":"","overlay-gradient":""},"mobile":{"background-color":"var(--ast-global-color-4)","background-image":"","background-repeat":"repeat","background-position":"center center","background-size":"auto","background-attachment":"scroll","background-type":"","background-media":"","overlay-type":"","overlay-color":"","overlay-opacity":"","overlay-gradient":""}},"footnotes":""},"class_list":["post-24","page","type-page","status-publish","hentry"],"_links":{"self":[{"href":"https:\/\/stammtisch-bottrop.de\/index.php\/wp-json\/wp\/v2\/pages\/24","targetHints":{"allow":["GET"]}}],"collection":[{"href":"https:\/\/stammtisch-bottrop.de\/index.php\/wp-json\/wp\/v2\/pages"}],"about":[{"href":"https:\/\/stammtisch-bottrop.de\/index.php\/wp-json\/wp\/v2\/types\/page"}],"author":[{"embeddable":true,"href":"https:\/\/stammtisch-bottrop.de\/index.php\/wp-json\/wp\/v2\/users\/1"}],"replies":[{"embeddable":true,"href":"https:\/\/stammtisch-bottrop.de\/index.php\/wp-json\/wp\/v2\/comments?post=24"}],"version-history":[{"count":2,"href":"https:\/\/stammtisch-bottrop.de\/index.php\/wp-json\/wp\/v2\/pages\/24\/revisions"}],"predecessor-version":[{"id":113,"href":"https:\/\/stammtisch-bottrop.de\/index.php\/wp-json\/wp\/v2\/pages\/24\/revisions\/113"}],"wp:attachment":[{"href":"https:\/\/stammtisch-bottrop.de\/index.php\/wp-json\/wp\/v2\/media?parent=24"}],"curies":[{"name":"wp","href":"https:\/\/api.w.org\/{rel}","templated":true}]}}